{"id":28,"date":"2018-04-19T11:49:40","date_gmt":"2018-04-19T11:49:40","guid":{"rendered":"http:\/\/www.autodopravasvara.cz\/?page_id=28"},"modified":"2025-11-06T12:28:56","modified_gmt":"2025-11-06T12:28:56","slug":"kontakty","status":"publish","type":"page","link":"https:\/\/www.autodopravasvara.cz\/","title":{"rendered":"Kontakty"},"content":{"rendered":"<hr \/>\n<p><span style=\"color: #000000;\"><strong>DISPE\u010cER DOPRAVY:<\/strong>\u00a0 Patrik J\u00e1nsk\u00fd tel. +420 702 033 667<\/span><\/p>\n<p><span style=\"color: #000000;\"><strong>DISPE\u010cER DOPRAVY:<\/strong>\u00a0 Simona Fauov\u00e1 tel. +420 722 980 382<\/span><\/p>\n<p><span style=\"color: #000000;\"><strong>DISPE\u010cER DOPRAVY:<\/strong>\u00a0 Tom\u00e1\u0161 Klicman tel. +420 725 763 208<\/span><\/p>\n<p><span style=\"color: #000000;\"><strong>\u00da\u010cETN\u00cd ODD\u011aLEN\u00cd:<\/strong><\/span>\u00a0 <span style=\"color: #000000;\">Alena Melicharov\u00e1 tel. +420 605 179 569<\/span><\/p>\n<p><span style=\"color: #000000;\"><strong>MAJITEL FIRMY:<\/strong>\u00a0 Vladim\u00edr \u0160v\u00e1ra tel. +420 602 328 099<\/span><\/p>\n<p><span style=\"color: #000000;\"><strong>KANCEL\u00c1\u0158:<\/strong>\u00a0 tel. +420 381 211 335<\/span><\/p>\n<hr \/>\n<p><span style=\"color: #000000;\"><strong>E-MAIL:\u00a0<\/strong> dispo@autodopravasvara.cz<\/span><\/p>\n<p><span style=\"color: #000000;\"><strong>WEB:<\/strong>\u00a0 www.autodopravasvara.cz<\/span><\/p>\n<hr \/>\n<p><span style=\"color: #993300;\"><strong>Vladim\u00edr \u0160v\u00e1ra s.r.o., M\u011b\u0161ick\u00e1 2868, 39002 T\u00e1bor<\/strong><\/span><\/p>\n<p><span style=\"color: #993300;\"><strong>I\u010c: 04135938, DI\u010c: CZ04135938, Zaps\u00e1no u Krajsk\u00e9ho soudu v \u010cesk\u00fdch Bud\u011bjovic\u00edch odd\u00edl C, vlo\u017eka 23789<\/strong><\/span><\/p>\n","protected":false},"excerpt":{"rendered":"<p>DISPE\u010cER DOPRAVY:\u00a0 Patrik J\u00e1nsk\u00fd tel. +420 702 033 667 DISPE\u010cER DOPRAVY:\u00a0 Simona Fauov\u00e1 tel. +420 722 980 382 DISPE\u010cER DOPRAVY:\u00a0 Tom\u00e1\u0161 Klicman tel. +420 725 763 208 \u00da\u010cETN\u00cd ODD\u011aLEN\u00cd:\u00a0 Alena Melicharov\u00e1 tel. +420 605 179 569 MAJITEL FIRMY:\u00a0 Vladim\u00edr \u0160v\u00e1ra tel. +420 602 328 099 KANCEL\u00c1\u0158:\u00a0 tel. +420 381 211 335 E-MAIL:\u00a0 dispo@autodopravasvara.cz WEB:\u00a0 www.autodopravasvara.cz<a class=\"moretag\" href=\"https:\/\/www.autodopravasvara.cz\/\"><span class=\"screen-reader-text\">P\u0159e\u010dt\u011bte si v\u00edce o Kontakty<\/span>[&#8230;]<\/a><\/p>\n","protected":false},"author":1,"featured_media":0,"parent":0,"menu_order":0,"comment_status":"closed","ping_status":"closed","template":"","meta":{"footnotes":""},"class_list":["post-28","page","type-page","status-publish","hentry"],"_links":{"self":[{"href":"https:\/\/www.autodopravasvara.cz\/index.php\/wp-json\/wp\/v2\/pages\/28","targetHints":{"allow":["GET"]}}],"collection":[{"href":"https:\/\/www.autodopravasvara.cz\/index.php\/wp-json\/wp\/v2\/pages"}],"about":[{"href":"https:\/\/www.autodopravasvara.cz\/index.php\/wp-json\/wp\/v2\/types\/page"}],"author":[{"embeddable":true,"href":"https:\/\/www.autodopravasvara.cz\/index.php\/wp-json\/wp\/v2\/users\/1"}],"replies":[{"embeddable":true,"href":"https:\/\/www.autodopravasvara.cz\/index.php\/wp-json\/wp\/v2\/comments?post=28"}],"version-history":[{"count":55,"href":"https:\/\/www.autodopravasvara.cz\/index.php\/wp-json\/wp\/v2\/pages\/28\/revisions"}],"predecessor-version":[{"id":330,"href":"https:\/\/www.autodopravasvara.cz\/index.php\/wp-json\/wp\/v2\/pages\/28\/revisions\/330"}],"wp:attachment":[{"href":"https:\/\/www.autodopravasvara.cz\/index.php\/wp-json\/wp\/v2\/media?parent=28"}],"curies":[{"name":"wp","href":"https:\/\/api.w.org\/{rel}","templated":true}]}}